{"id":216,"date":"2022-01-31T17:07:34","date_gmt":"2022-01-31T17:07:34","guid":{"rendered":"http:\/\/casalibertadorgiva.com\/?page_id=216"},"modified":"2022-02-01T10:20:09","modified_gmt":"2022-02-01T10:20:09","slug":"about-orgiva","status":"publish","type":"page","link":"https:\/\/casalibertadorgiva.com\/es\/about-orgiva\/","title":{"rendered":"Acerca de \u00d3rgiva"},"content":{"rendered":"<div data-elementor-type=\"wp-page\" data-elementor-id=\"216\" class=\"elementor elementor-216\" data-elementor-post-type=\"page\">\n\t\t\t\t\t\t<section class=\"elementor-section elementor-top-section elementor-element elementor-element-f2ce744 elementor-section-boxed elementor-section-height-default elementor-section-height-default\" data-id=\"f2ce744\" data-element_type=\"section\" data-e-type=\"section\">\n\t\t\t\t\t\t<div class=\"elementor-container elementor-column-gap-default\">\n\t\t\t\t\t<div class=\"elementor-column elementor-col-100 elementor-top-column elementor-element elementor-element-d21d5b2\" data-id=\"d21d5b2\" data-element_type=\"column\" data-e-type=\"column\">\n\t\t\t<div class=\"elementor-widget-wrap elementor-element-populated\">\n\t\t\t\t\t\t<div class=\"elementor-element elementor-element-40b6bfa elementor-widget elementor-widget-heading\" data-id=\"40b6bfa\" data-element_type=\"widget\" data-e-type=\"widget\" data-widget_type=\"heading.default\">\n\t\t\t\t<div class=\"elementor-widget-container\">\n\t\t\t\t\t<h2 class=\"elementor-heading-title elementor-size-default\">Acerca de \u00d3rgiva<\/h2>\t\t\t\t<\/div>\n\t\t\t\t<\/div>\n\t\t\t\t<div class=\"elementor-element elementor-element-afdcfd2 elementor-widget-divider--view-line elementor-widget elementor-widget-divider\" data-id=\"afdcfd2\" data-element_type=\"widget\" data-e-type=\"widget\" data-widget_type=\"divider.default\">\n\t\t\t\t<div class=\"elementor-widget-container\">\n\t\t\t\t\t\t\t<div class=\"elementor-divider\">\n\t\t\t<span class=\"elementor-divider-separator\">\n\t\t\t\t\t\t<\/span>\n\t\t<\/div>\n\t\t\t\t\t\t<\/div>\n\t\t\t\t<\/div>\n\t\t\t\t\t<\/div>\n\t\t<\/div>\n\t\t\t\t\t<\/div>\n\t\t<\/section>\n\t\t\t\t<section class=\"elementor-section elementor-top-section elementor-element elementor-element-078113b elementor-section-boxed elementor-section-height-default elementor-section-height-default\" data-id=\"078113b\" data-element_type=\"section\" data-e-type=\"section\">\n\t\t\t\t\t\t<div class=\"elementor-container elementor-column-gap-default\">\n\t\t\t\t\t<div class=\"elementor-column elementor-col-100 elementor-top-column elementor-element elementor-element-755c41f\" data-id=\"755c41f\" data-element_type=\"column\" data-e-type=\"column\">\n\t\t\t<div class=\"elementor-widget-wrap elementor-element-populated\">\n\t\t\t\t\t\t<div class=\"elementor-element elementor-element-191a000 elementor-widget elementor-widget-image\" data-id=\"191a000\" data-element_type=\"widget\" data-e-type=\"widget\" data-widget_type=\"image.default\">\n\t\t\t\t<div class=\"elementor-widget-container\">\n\t\t\t\t\t\t\t\t\t\t\t\t\t\t\t<img fetchpriority=\"high\" decoding=\"async\" width=\"300\" height=\"172\" src=\"https:\/\/casalibertadorgiva.com\/wp-content\/uploads\/2022\/01\/O\u0301rgiva_looking_east_28_11_2004-300x172.jpg\" class=\"attachment-medium size-medium wp-image-74\" alt=\"\" srcset=\"https:\/\/casalibertadorgiva.com\/wp-content\/uploads\/2022\/01\/O\u0301rgiva_looking_east_28_11_2004-300x172.jpg 300w, https:\/\/casalibertadorgiva.com\/wp-content\/uploads\/2022\/01\/O\u0301rgiva_looking_east_28_11_2004-1024x587.jpg 1024w, https:\/\/casalibertadorgiva.com\/wp-content\/uploads\/2022\/01\/O\u0301rgiva_looking_east_28_11_2004-768x440.jpg 768w, https:\/\/casalibertadorgiva.com\/wp-content\/uploads\/2022\/01\/O\u0301rgiva_looking_east_28_11_2004-1536x880.jpg 1536w, https:\/\/casalibertadorgiva.com\/wp-content\/uploads\/2022\/01\/O\u0301rgiva_looking_east_28_11_2004-2048x1174.jpg 2048w\" sizes=\"(max-width: 300px) 100vw, 300px\" \/>\t\t\t\t\t\t\t\t\t\t\t\t\t\t\t<\/div>\n\t\t\t\t<\/div>\n\t\t\t\t\t<\/div>\n\t\t<\/div>\n\t\t\t\t\t<\/div>\n\t\t<\/section>\n\t\t\t\t<section class=\"elementor-section elementor-top-section elementor-element elementor-element-35cb024 elementor-section-boxed elementor-section-height-default elementor-section-height-default\" data-id=\"35cb024\" data-element_type=\"section\" data-e-type=\"section\">\n\t\t\t\t\t\t<div class=\"elementor-container elementor-column-gap-default\">\n\t\t\t\t\t<div class=\"elementor-column elementor-col-100 elementor-top-column elementor-element elementor-element-4f94f98\" data-id=\"4f94f98\" data-element_type=\"column\" data-e-type=\"column\">\n\t\t\t<div class=\"elementor-widget-wrap elementor-element-populated\">\n\t\t\t\t\t\t<div class=\"elementor-element elementor-element-1281c67 elementor-widget elementor-widget-text-editor\" data-id=\"1281c67\" data-element_type=\"widget\" data-e-type=\"widget\" data-widget_type=\"text-editor.default\">\n\t\t\t\t<div class=\"elementor-widget-container\">\n\t\t\t\t\t\t\t\t\t<p dir=\"ltr\">La casa est\u00e1 situada en el coraz\u00f3n de Orgiva, una animada ciudad comercial con muchas cafeter\u00edas, tiendas, bares y restaurantes. Entonces, si quieres pasar los d\u00edas tomando un caf\u00e9 y observando a la gente pasar en la plaza, comprar en cualquiera de las tiendas artesanales locales o comer en uno de los deliciosos restaurantes locales, est\u00e1s a solo unos minutos a pie. En verano, la piscina local al aire libre est\u00e1 a s\u00f3lo 5 minutos a pie cuesta abajo. Los jueves se celebra el mercado local donde se puede comprar una variedad de productos, artes y artesan\u00edas locales.<\/p><p dir=\"ltr\">Las Alpujarras son un rinc\u00f3n verdaderamente \u00fanico y hermoso de Andaluc\u00eda y ofrecen oportunidades para observar aves, hacer caminatas, andar en bicicleta de monta\u00f1a y montar a caballo. Los sistemas de riego establecidos por los p\u00e1ramos hacen que la flora y la fauna aqu\u00ed sean diferentes a cualquier otro lugar de Espa\u00f1a. Hay informaci\u00f3n sobre todas estas actividades y m\u00e1s en la casa.\u00a0<\/p><p dir=\"ltr\">Si desea aventurarse m\u00e1s lejos, hay buenas conexiones de transporte local con los pueblos blancos de Pampaneira, Capileira y Bubi\u00f3n. Granada est\u00e1 a menos de una hora de distancia, donde podr\u00e1s ver la majestuosa Alhambra o esquiar en Sierra Nevada. En direcci\u00f3n contraria podr\u00e1s estar relaj\u00e1ndote en las playas de la Costa Tropical en poco m\u00e1s de media hora.<\/p>\t\t\t\t\t\t\t\t<\/div>\n\t\t\t\t<\/div>\n\t\t\t\t\t<\/div>\n\t\t<\/div>\n\t\t\t\t\t<\/div>\n\t\t<\/section>\n\t\t\t\t<section class=\"elementor-section elementor-top-section elementor-element elementor-element-2b219bc elementor-section-boxed elementor-section-height-default elementor-section-height-default\" data-id=\"2b219bc\" data-element_type=\"section\" data-e-type=\"section\">\n\t\t\t\t\t\t<div class=\"elementor-container elementor-column-gap-default\">\n\t\t\t\t\t<div class=\"elementor-column elementor-col-100 elementor-top-column elementor-element elementor-element-8880f84\" data-id=\"8880f84\" data-element_type=\"column\" data-e-type=\"column\">\n\t\t\t<div class=\"elementor-widget-wrap elementor-element-populated\">\n\t\t\t\t\t\t<div class=\"elementor-element elementor-element-7d1d0de elementor-widget elementor-widget-google_maps\" data-id=\"7d1d0de\" data-element_type=\"widget\" data-e-type=\"widget\" data-widget_type=\"google_maps.default\">\n\t\t\t\t<div class=\"elementor-widget-container\">\n\t\t\t\t\t\t\t<div class=\"elementor-custom-embed\">\n\t\t\t<iframe loading=\"lazy\"\n\t\t\t\t\tsrc=\"https:\/\/maps.google.com\/maps?q=calle%20libertad%2C%20orgiva&#038;t=m&#038;z=10&#038;output=embed&#038;iwloc=near\"\n\t\t\t\t\ttitle=\"calle libertad, orgiva\"\n\t\t\t\t\taria-label=\"calle libertad, orgiva\"\n\t\t\t><\/iframe>\n\t\t<\/div>\n\t\t\t\t\t\t<\/div>\n\t\t\t\t<\/div>\n\t\t\t\t\t<\/div>\n\t\t<\/div>\n\t\t\t\t\t<\/div>\n\t\t<\/section>\n\t\t\t\t<\/div>","protected":false},"excerpt":{"rendered":"<p>About Orgiva The house is situated in the heart of Orgiva, a bustling market town with lots of cafes, shops, bars and restaurants. So if you want to pass the days taking a coffee and people watching in the plaza, shop in any of the local artisan shops, or eat in one of the local [&hellip;]<\/p>\n","protected":false},"author":1,"featured_media":74,"parent":0,"menu_order":0,"comment_status":"closed","ping_status":"closed","template":"","meta":{"footnotes":""},"class_list":["post-216","page","type-page","status-publish","has-post-thumbnail","hentry"],"yoast_head":"<!-- This site is optimized with the Yoast SEO plugin v27.4 - https:\/\/yoast.com\/product\/yoast-seo-wordpress\/ -->\n<title>About Orgiva - The Capital of the Alpujarras<\/title>\n<meta name=\"description\" content=\"Casa Libertad is situated in the heart of Orgiva, a bustling market town with lots of cafes, shops, bars and restaurants.\" \/>\n<meta name=\"robots\" content=\"index, follow, max-snippet:-1, max-image-preview:large, max-video-preview:-1\" \/>\n<link rel=\"canonical\" href=\"https:\/\/casalibertadorgiva.com\/es\/about-orgiva\/\" \/>\n<meta property=\"og:locale\" content=\"es_ES\" \/>\n<meta property=\"og:type\" content=\"article\" \/>\n<meta property=\"og:title\" content=\"About Orgiva - The Capital of the Alpujarras\" \/>\n<meta property=\"og:description\" content=\"Casa Libertad is situated in the heart of Orgiva, a bustling market town with lots of cafes, shops, bars and restaurants.\" \/>\n<meta property=\"og:url\" content=\"https:\/\/casalibertadorgiva.com\/es\/about-orgiva\/\" \/>\n<meta property=\"og:site_name\" content=\"No Blog Title Set\" \/>\n<meta property=\"article:publisher\" content=\"https:\/\/www.facebook.com\/casalibertadorgiva\" \/>\n<meta property=\"article:modified_time\" content=\"2022-02-01T10:20:09+00:00\" \/>\n<meta property=\"og:image\" content=\"https:\/\/casalibertadorgiva.com\/wp-content\/uploads\/2022\/01\/O\u0301rgiva_looking_east_28_11_2004-e1696677104754.jpg\" \/>\n\t<meta property=\"og:image:width\" content=\"2303\" \/>\n\t<meta property=\"og:image:height\" content=\"1320\" \/>\n\t<meta property=\"og:image:type\" content=\"image\/jpeg\" \/>\n<meta name=\"twitter:card\" content=\"summary_large_image\" \/>\n<meta name=\"twitter:label1\" content=\"Tiempo de lectura\" \/>\n\t<meta name=\"twitter:data1\" content=\"2 minutos\" \/>\n<script type=\"application\/ld+json\" class=\"yoast-schema-graph\">{\"@context\":\"https:\\\/\\\/schema.org\",\"@graph\":[{\"@type\":\"WebPage\",\"@id\":\"https:\\\/\\\/casalibertadorgiva.com\\\/about-orgiva\\\/\",\"url\":\"https:\\\/\\\/casalibertadorgiva.com\\\/about-orgiva\\\/\",\"name\":\"About Orgiva - The Capital of the Alpujarras\",\"isPartOf\":{\"@id\":\"https:\\\/\\\/casalibertadorgiva.com\\\/#website\"},\"primaryImageOfPage\":{\"@id\":\"https:\\\/\\\/casalibertadorgiva.com\\\/about-orgiva\\\/#primaryimage\"},\"image\":{\"@id\":\"https:\\\/\\\/casalibertadorgiva.com\\\/about-orgiva\\\/#primaryimage\"},\"thumbnailUrl\":\"https:\\\/\\\/casalibertadorgiva.com\\\/wp-content\\\/uploads\\\/2022\\\/01\\\/O\u0301rgiva_looking_east_28_11_2004-e1696677104754.jpg\",\"datePublished\":\"2022-01-31T17:07:34+00:00\",\"dateModified\":\"2022-02-01T10:20:09+00:00\",\"description\":\"Casa Libertad is situated in the heart of Orgiva, a bustling market town with lots of cafes, shops, bars and restaurants.\",\"breadcrumb\":{\"@id\":\"https:\\\/\\\/casalibertadorgiva.com\\\/about-orgiva\\\/#breadcrumb\"},\"inLanguage\":\"es\",\"potentialAction\":[{\"@type\":\"ReadAction\",\"target\":[\"https:\\\/\\\/casalibertadorgiva.com\\\/about-orgiva\\\/\"]}]},{\"@type\":\"ImageObject\",\"inLanguage\":\"es\",\"@id\":\"https:\\\/\\\/casalibertadorgiva.com\\\/about-orgiva\\\/#primaryimage\",\"url\":\"https:\\\/\\\/casalibertadorgiva.com\\\/wp-content\\\/uploads\\\/2022\\\/01\\\/O\u0301rgiva_looking_east_28_11_2004-e1696677104754.jpg\",\"contentUrl\":\"https:\\\/\\\/casalibertadorgiva.com\\\/wp-content\\\/uploads\\\/2022\\\/01\\\/O\u0301rgiva_looking_east_28_11_2004-e1696677104754.jpg\",\"width\":2303,\"height\":1320},{\"@type\":\"BreadcrumbList\",\"@id\":\"https:\\\/\\\/casalibertadorgiva.com\\\/about-orgiva\\\/#breadcrumb\",\"itemListElement\":[{\"@type\":\"ListItem\",\"position\":1,\"name\":\"Home\",\"item\":\"https:\\\/\\\/casalibertadorgiva.com\\\/\"},{\"@type\":\"ListItem\",\"position\":2,\"name\":\"About Orgiva\"}]},{\"@type\":\"WebSite\",\"@id\":\"https:\\\/\\\/casalibertadorgiva.com\\\/#website\",\"url\":\"https:\\\/\\\/casalibertadorgiva.com\\\/\",\"name\":\"No Blog Title Set\",\"description\":\" Quiet but Centrally Located Townhouse in the Heart of Orgiva \",\"publisher\":{\"@id\":\"https:\\\/\\\/casalibertadorgiva.com\\\/#organization\"},\"potentialAction\":[{\"@type\":\"SearchAction\",\"target\":{\"@type\":\"EntryPoint\",\"urlTemplate\":\"https:\\\/\\\/casalibertadorgiva.com\\\/?s={search_term_string}\"},\"query-input\":{\"@type\":\"PropertyValueSpecification\",\"valueRequired\":true,\"valueName\":\"search_term_string\"}}],\"inLanguage\":\"es\"},{\"@type\":\"Organization\",\"@id\":\"https:\\\/\\\/casalibertadorgiva.com\\\/#organization\",\"name\":\"Casa Libertad Orgiva\",\"url\":\"https:\\\/\\\/casalibertadorgiva.com\\\/\",\"logo\":{\"@type\":\"ImageObject\",\"inLanguage\":\"es\",\"@id\":\"https:\\\/\\\/casalibertadorgiva.com\\\/#\\\/schema\\\/logo\\\/image\\\/\",\"url\":\"https:\\\/\\\/i0.wp.com\\\/casalibertadorgiva.com\\\/wp-content\\\/uploads\\\/2022\\\/01\\\/1.png?fit=500%2C294&ssl=1\",\"contentUrl\":\"https:\\\/\\\/i0.wp.com\\\/casalibertadorgiva.com\\\/wp-content\\\/uploads\\\/2022\\\/01\\\/1.png?fit=500%2C294&ssl=1\",\"width\":500,\"height\":294,\"caption\":\"Casa Libertad Orgiva\"},\"image\":{\"@id\":\"https:\\\/\\\/casalibertadorgiva.com\\\/#\\\/schema\\\/logo\\\/image\\\/\"},\"sameAs\":[\"https:\\\/\\\/www.facebook.com\\\/casalibertadorgiva\"]}]}<\/script>\n<!-- \/ Yoast SEO plugin. -->","yoast_head_json":{"title":"About Orgiva - The Capital of the Alpujarras","description":"Casa Libertad is situated in the heart of Orgiva, a bustling market town with lots of cafes, shops, bars and restaurants.","robots":{"index":"index","follow":"follow","max-snippet":"max-snippet:-1","max-image-preview":"max-image-preview:large","max-video-preview":"max-video-preview:-1"},"canonical":"https:\/\/casalibertadorgiva.com\/es\/about-orgiva\/","og_locale":"es_ES","og_type":"article","og_title":"About Orgiva - The Capital of the Alpujarras","og_description":"Casa Libertad is situated in the heart of Orgiva, a bustling market town with lots of cafes, shops, bars and restaurants.","og_url":"https:\/\/casalibertadorgiva.com\/es\/about-orgiva\/","og_site_name":"No Blog Title Set","article_publisher":"https:\/\/www.facebook.com\/casalibertadorgiva","article_modified_time":"2022-02-01T10:20:09+00:00","og_image":[{"width":2303,"height":1320,"url":"https:\/\/casalibertadorgiva.com\/wp-content\/uploads\/2022\/01\/O\u0301rgiva_looking_east_28_11_2004-e1696677104754.jpg","type":"image\/jpeg"}],"twitter_card":"summary_large_image","twitter_misc":{"Tiempo de lectura":"2 minutos"},"schema":{"@context":"https:\/\/schema.org","@graph":[{"@type":"WebPage","@id":"https:\/\/casalibertadorgiva.com\/about-orgiva\/","url":"https:\/\/casalibertadorgiva.com\/about-orgiva\/","name":"About Orgiva - The Capital of the Alpujarras","isPartOf":{"@id":"https:\/\/casalibertadorgiva.com\/#website"},"primaryImageOfPage":{"@id":"https:\/\/casalibertadorgiva.com\/about-orgiva\/#primaryimage"},"image":{"@id":"https:\/\/casalibertadorgiva.com\/about-orgiva\/#primaryimage"},"thumbnailUrl":"https:\/\/casalibertadorgiva.com\/wp-content\/uploads\/2022\/01\/O\u0301rgiva_looking_east_28_11_2004-e1696677104754.jpg","datePublished":"2022-01-31T17:07:34+00:00","dateModified":"2022-02-01T10:20:09+00:00","description":"Casa Libertad is situated in the heart of Orgiva, a bustling market town with lots of cafes, shops, bars and restaurants.","breadcrumb":{"@id":"https:\/\/casalibertadorgiva.com\/about-orgiva\/#breadcrumb"},"inLanguage":"es","potentialAction":[{"@type":"ReadAction","target":["https:\/\/casalibertadorgiva.com\/about-orgiva\/"]}]},{"@type":"ImageObject","inLanguage":"es","@id":"https:\/\/casalibertadorgiva.com\/about-orgiva\/#primaryimage","url":"https:\/\/casalibertadorgiva.com\/wp-content\/uploads\/2022\/01\/O\u0301rgiva_looking_east_28_11_2004-e1696677104754.jpg","contentUrl":"https:\/\/casalibertadorgiva.com\/wp-content\/uploads\/2022\/01\/O\u0301rgiva_looking_east_28_11_2004-e1696677104754.jpg","width":2303,"height":1320},{"@type":"BreadcrumbList","@id":"https:\/\/casalibertadorgiva.com\/about-orgiva\/#breadcrumb","itemListElement":[{"@type":"ListItem","position":1,"name":"Home","item":"https:\/\/casalibertadorgiva.com\/"},{"@type":"ListItem","position":2,"name":"About Orgiva"}]},{"@type":"WebSite","@id":"https:\/\/casalibertadorgiva.com\/#website","url":"https:\/\/casalibertadorgiva.com\/","name":"No Blog Title Set","description":"Quiet but Centrally Located Townhouse in the Heart of Orgiva","publisher":{"@id":"https:\/\/casalibertadorgiva.com\/#organization"},"potentialAction":[{"@type":"SearchAction","target":{"@type":"EntryPoint","urlTemplate":"https:\/\/casalibertadorgiva.com\/?s={search_term_string}"},"query-input":{"@type":"PropertyValueSpecification","valueRequired":true,"valueName":"search_term_string"}}],"inLanguage":"es"},{"@type":"Organization","@id":"https:\/\/casalibertadorgiva.com\/#organization","name":"Casa Libertad Orgiva","url":"https:\/\/casalibertadorgiva.com\/","logo":{"@type":"ImageObject","inLanguage":"es","@id":"https:\/\/casalibertadorgiva.com\/#\/schema\/logo\/image\/","url":"https:\/\/i0.wp.com\/casalibertadorgiva.com\/wp-content\/uploads\/2022\/01\/1.png?fit=500%2C294&ssl=1","contentUrl":"https:\/\/i0.wp.com\/casalibertadorgiva.com\/wp-content\/uploads\/2022\/01\/1.png?fit=500%2C294&ssl=1","width":500,"height":294,"caption":"Casa Libertad Orgiva"},"image":{"@id":"https:\/\/casalibertadorgiva.com\/#\/schema\/logo\/image\/"},"sameAs":["https:\/\/www.facebook.com\/casalibertadorgiva"]}]}},"_links":{"self":[{"href":"https:\/\/casalibertadorgiva.com\/es\/wp-json\/wp\/v2\/pages\/216","targetHints":{"allow":["GET"]}}],"collection":[{"href":"https:\/\/casalibertadorgiva.com\/es\/wp-json\/wp\/v2\/pages"}],"about":[{"href":"https:\/\/casalibertadorgiva.com\/es\/wp-json\/wp\/v2\/types\/page"}],"author":[{"embeddable":true,"href":"https:\/\/casalibertadorgiva.com\/es\/wp-json\/wp\/v2\/users\/1"}],"replies":[{"embeddable":true,"href":"https:\/\/casalibertadorgiva.com\/es\/wp-json\/wp\/v2\/comments?post=216"}],"version-history":[{"count":5,"href":"https:\/\/casalibertadorgiva.com\/es\/wp-json\/wp\/v2\/pages\/216\/revisions"}],"predecessor-version":[{"id":261,"href":"https:\/\/casalibertadorgiva.com\/es\/wp-json\/wp\/v2\/pages\/216\/revisions\/261"}],"wp:featuredmedia":[{"embeddable":true,"href":"https:\/\/casalibertadorgiva.com\/es\/wp-json\/wp\/v2\/media\/74"}],"wp:attachment":[{"href":"https:\/\/casalibertadorgiva.com\/es\/wp-json\/wp\/v2\/media?parent=216"}],"curies":[{"name":"wp","href":"https:\/\/api.w.org\/{rel}","templated":true}]}}